{"id":1408,"date":"2016-01-19T14:03:09","date_gmt":"2016-01-19T14:03:09","guid":{"rendered":"http:\/\/anpsthemes.com\/construction\/?page_id=1408"},"modified":"2024-11-01T20:04:42","modified_gmt":"2024-11-01T20:04:42","slug":"corporate","status":"publish","type":"page","link":"https:\/\/www.omisindustries.com\/en\/corporate\/","title":{"rendered":"Corporate"},"content":{"rendered":"<p>[vc_row css=&#8221;.vc_custom_1460122496361{margin-bottom: 30px !important;}&#8221;][vc_column]<h4 class='heading-left  divider-modern'  style='color: #000000'><span>\u00d6ZG\u00dcN MAK\u0130NE \u0130N\u015eAAT MADENC\u0130L\u0130K SANAY\u0130 DI\u015e T\u0130CARET LTD. \u015eT\u0130.<\/span><\/h4>[vc_empty_space height=&#8221;20px&#8221;][vc_column_text]<em><b>Experience\u2026 Technology\u2026 Solution<\/b><\/em><\/p>\n<p>We established Omis Industries in 2018 with the aim of providing holistic and difference services in industrial solutions and being one of the pioneers of industrial process and. As OMIS Industries, our aim is to produce the most effective solutions to increase profitability and productivity in line with the needs and demands of companies. In a short time, we have become a preferred company with our reliable service, pre and post technical consultancy. We started to lead the development of the sector with the R &amp; D activities carried out by our experienced and expert staff. Today, we offer world-class service thanks to our technology, knowledge, solutions and customer satisfaction. Our goal is to make our brand one of the proud brands in Industrial Process sectors in Industry of Turkey. While doing all this, we want to ensure the sustainable use of the natural resources of our world and to be an exemplary company for the future of our sector.<\/p>\n<p><b>Top 10 reasons to work with Omis Industries:<\/b><br \/>\n\u2022 We offer special solutions<\/p>\n<p>\u2022 With our holistic solution approach, we provide support to our solution partner from mining to ore expertise, from machine supply to purchasing in every field and in every sense<\/p>\n<p>\u2022 We always have a plan for variable situations.<\/p>\n<p>\u2022 We have an extensive and extensive international business network, and our solution partners are an expert companies in their sectors.<\/p>\n<p>\u2022 We provide serial and fast service.<\/p>\n<p>\u2022 Our experienced staff in our fields is one of our greatest strengths.<\/p>\n<p>\u2022 Risk analysis and management is our priority.<\/p>\n<p>\u2022 Specific machinery and equipment solutions show our privilege.<\/p>\n<p>\u2022 Our work is also our signature[\/vc_column_text][\/vc_column][\/vc_row]<\/p>\n","protected":false},"excerpt":{"rendered":"<p>[vc_row css=&#8221;.vc_custom_1460122496361{margin-bottom: 30px !important;}&#8221;][vc_column][vc_empty_space height=&#8221;20px&#8221;][vc_column_text]Experience\u2026 Technology\u2026 Solution We established Omis Industries in 2018 with the aim of providing holistic and difference services in industrial solutions and being one of the pioneers of industrial process and. As OMIS Industries, our aim &hellip;<\/p>\n","protected":false},"author":1,"featured_media":0,"parent":0,"menu_order":0,"comment_status":"closed","ping_status":"closed","template":"","meta":[],"_links":{"self":[{"href":"https:\/\/www.omisindustries.com\/en\/wp-json\/wp\/v2\/pages\/1408"}],"collection":[{"href":"https:\/\/www.omisindustries.com\/en\/wp-json\/wp\/v2\/pages"}],"about":[{"href":"https:\/\/www.omisindustries.com\/en\/wp-json\/wp\/v2\/types\/page"}],"author":[{"embeddable":true,"href":"https:\/\/www.omisindustries.com\/en\/wp-json\/wp\/v2\/users\/1"}],"replies":[{"embeddable":true,"href":"https:\/\/www.omisindustries.com\/en\/wp-json\/wp\/v2\/comments?post=1408"}],"version-history":[{"count":25,"href":"https:\/\/www.omisindustries.com\/en\/wp-json\/wp\/v2\/pages\/1408\/revisions"}],"predecessor-version":[{"id":3198,"href":"https:\/\/www.omisindustries.com\/en\/wp-json\/wp\/v2\/pages\/1408\/revisions\/3198"}],"wp:attachment":[{"href":"https:\/\/www.omisindustries.com\/en\/wp-json\/wp\/v2\/media?parent=1408"}],"curies":[{"name":"wp","href":"https:\/\/api.w.org\/{rel}","templated":true}]}}