{"id":1482,"date":"2016-01-19T16:40:09","date_gmt":"2016-01-19T16:40:09","guid":{"rendered":"http:\/\/anpsthemes.com\/construction\/?page_id=1482"},"modified":"2024-10-31T11:33:15","modified_gmt":"2024-10-31T11:33:15","slug":"contact-us","status":"publish","type":"page","link":"https:\/\/www.omisindustries.com\/en\/contact-us\/","title":{"rendered":"Contact Us"},"content":{"rendered":"<p>[vc_row full_width=&#8221;stretch_row_content_no_spaces&#8221; css=&#8221;.vc_custom_1540496517306{margin-top: -60px !important;margin-bottom: 40px !important;}&#8221;][vc_column]<div data-styles='[{\"featureType\":\"landscape\",\"stylers\":[{\"saturation\":-100},{\"lightness\":65},{\"visibility\":\"on\"}]},{\"featureType\":\"poi\",\"stylers\":[{\"saturation\":-100},{\"lightness\":51},{\"visibility\":\"simplified\"}]},{\"featureType\":\"road.highway\",\"stylers\":[{\"saturation\":-100},{\"visibility\":\"simplified\"}]},{\"featureType\":\"road.arterial\",\"stylers\":[{\"saturation\":-100},{\"lightness\":30},{\"visibility\":\"on\"}]},{\"featureType\":\"road.local\",\"stylers\":[{\"saturation\":-100},{\"lightness\":40},{\"visibility\":\"on\"}]},{\"featureType\":\"transit\",\"stylers\":[{\"saturation\":-100},{\"visibility\":\"simplified\"}]},{\"featureType\":\"administrative.province\",\"stylers\":[{\"visibility\":\"off\"}]},{\"featureType\":\"water\",\"elementType\":\"labels\",\"stylers\":[{\"visibility\":\"on\"},{\"lightness\":-25},{\"saturation\":-100}]},{\"featureType\":\"water\",\"elementType\":\"geometry\",\"stylers\":[{\"hue\":\"#ffff00\"},{\"lightness\":-25},{\"saturation\":-97}]}]' class='map' id='map1' style='height: 550px;' data-type='ROADMAP' data-zoom='7' data-scroll='true' data-markers='{ \"address\": \"41.114570, 29.024426\",  \"center\": \"\", \"data\": \"\", \"options\": { \"icon\": \"https:\/\/www.omisindustries.com\/en\/wp-content\/uploads\/2018\/10\/favicon-png.png\" } }|{ \"address\": \"38.472726, 27.217175\",  \"center\": \"\", \"data\": \"\", \"options\": { \"icon\": \"https:\/\/www.omisindustries.com\/en\/wp-content\/uploads\/2018\/10\/favicon-png.png\" } }|{ \"address\": \"40.204818, 32.680938\",  \"center\": \"\", \"data\": \"\", \"options\": { \"icon\": \"https:\/\/www.omisindustries.com\/en\/wp-content\/uploads\/2018\/10\/favicon-png.png\" } }|{ \"address\": \"41.081978, 31.125967\",  \"center\": \"\", \"data\": \"\", \"options\": { \"icon\": \"https:\/\/www.omisindustries.com\/en\/wp-content\/uploads\/2018\/10\/favicon-png.png\" } }|'><\/div>[\/vc_column][\/vc_row][vc_row][vc_column]<h4 class='heading-left  divider-modern'  style='color: #0a0a0a'><span>\u00d6zg\u00fcn Makine \u0130n\u015faat Madencilik Sanayi ve D\u0131\u015f Ticaret Limited \u015eirketi<\/span><\/h4>[vc_empty_space height=&#8221;15&#8243;][\/vc_column][\/vc_row][vc_row css=&#8221;.vc_custom_1453297211960{margin-bottom: 40px !important;}&#8221;][vc_column width=&#8221;5\/12&#8243;]<table class='info-table'><\/tbody><tr class='info-table-row'><th class='info-table-icon'><i class='fa fa fa-map-marker'><\/i><\/th><td class='info-table-content'><b>Istanbul Headquarters:<\/b> B\u00fcy\u00fckdere Cad. Nurol Plaza 21\/B Maslak-\u0130stanbul-T\u00fcrkiye<\/td><\/tr><tr class='info-table-row'><th class='info-table-icon'><i class='fa fa fa-envelope'><\/i><\/th><td class='info-table-content'>info@omisindustries.com<\/td><\/tr><tr class='info-table-row'><th class='info-table-icon'><i class='fa fa fa-map-marker'><\/i><\/th><td class='info-table-content'><b>D\u00fczce &#8211; Office \/ Warehouse:<\/b> Ak\u00e7akoca &#8211; D\u00fczce<\/td><\/tr><tr class='info-table-row'><th class='info-table-icon'><i class='fa fa fa-map-marker'><\/i><\/th><td class='info-table-content'><b>Ankara &#8211; Offices \/ Mechanical Workshop:<\/b> Kazan &#8211; Ankara<\/td><\/tr><tr class='info-table-row'><th class='info-table-icon'><i class='fa fa fa-map-marker'><\/i><\/th><td class='info-table-content'><b>\u0130zmir &#8211; Office:<\/b> Bornova &#8211; \u0130zmir<\/td><\/tr><tr class='info-table-row'><th class='info-table-icon'><i class='fa fa fa-long-arrow-right'><\/i><\/th><td class='info-table-content'><\/p>\n<h5>INDUSTRIAL PROSES<\/h5>\n<p><\/td><\/tr><\/table><\/tbody><h2 class='heading-middle  style-1' ><span>Follow Us on Social Media<\/span><\/h2><ul class='social'><li><a href='https:\/\/www.linkedin.com\/company\/omis-industries\/' target='_blank'><i class='fa fa fa-linkedin-square'><\/i><\/a><\/li><li><a href='https:\/\/www.youtube.com\/channel\/UCKKM7mk3lrUjbQo-WRPNW0g?view_as=subscriber' target='_blank'><i class='fa fa fa-youtube'><\/i><\/a><\/li><li><a href='https:\/\/www.facebook.com\/omisindustries\/?modal=admin_todo_tour' target='_blank'><i class='fa fa fa-facebook-square'><\/i><\/a><\/li><li><a href='https:\/\/www.instagram.com\/omisindustries\/' target='_blank'><i class='fa fa fa-instagram'><\/i><\/a><\/li><\/ul>[\/vc_column][vc_column width=&#8221;7\/12&#8243;]<div role=\"form\" class=\"wpcf7\" id=\"wpcf7-f1831-o1\" lang=\"en-US\" dir=\"ltr\">\n<div class=\"screen-reader-response\"><p role=\"status\" aria-live=\"polite\" aria-atomic=\"true\"><\/p> <ul><\/ul><\/div>\n<form action=\"\/en\/wp-json\/wp\/v2\/pages\/1482#wpcf7-f1831-o1\" method=\"post\" class=\"wpcf7-form init\" novalidate=\"novalidate\" data-status=\"init\">\n<div style=\"display: none;\">\n<input type=\"hidden\" name=\"_wpcf7\" value=\"1831\" \/>\n<input type=\"hidden\" name=\"_wpcf7_version\" value=\"5.5.1\" \/>\n<input type=\"hidden\" name=\"_wpcf7_locale\" value=\"en_US\" \/>\n<input type=\"hidden\" name=\"_wpcf7_unit_tag\" value=\"wpcf7-f1831-o1\" \/>\n<input type=\"hidden\" name=\"_wpcf7_container_post\" value=\"0\" \/>\n<input type=\"hidden\" name=\"_wpcf7_posted_data_hash\" value=\"\" \/>\n<\/div>\n<div class=\"row\">\n<fieldset class=\"form-group col-md-7\">\n   <span class=\"wpcf7-form-control-wrap adsoyad\"><input type=\"text\" name=\"adsoyad\" value=\"\" size=\"40\" class=\"wpcf7-form-control wpcf7-text wpcf7-validates-as-required\" aria-required=\"true\" aria-invalid=\"false\" placeholder=\"Ad - Soyad\" \/><\/span><br \/>\n<\/fieldset>\n<fieldset class=\"form-group col-md-7\">\n   <span class=\"wpcf7-form-control-wrap email\"><input type=\"email\" name=\"email\" value=\"\" size=\"40\" class=\"wpcf7-form-control wpcf7-text wpcf7-email wpcf7-validates-as-required wpcf7-validates-as-email\" aria-required=\"true\" aria-invalid=\"false\" placeholder=\"Email\" \/><\/span><br \/>\n<\/fieldset>\n<fieldset class=\"form-group col-md-7\">\n   <span class=\"wpcf7-form-control-wrap telefon\"><input type=\"text\" name=\"telefon\" value=\"\" size=\"40\" class=\"wpcf7-form-control wpcf7-text wpcf7-validates-as-required\" aria-required=\"true\" aria-invalid=\"false\" placeholder=\"Telefon\" \/><\/span><br \/>\n<\/fieldset>\n<fieldset class=\"form-group col-md-7\">\n<span class=\"wpcf7-form-control-wrap konu\"><input type=\"text\" name=\"konu\" value=\"\" size=\"40\" class=\"wpcf7-form-control wpcf7-text\" aria-invalid=\"false\" placeholder=\"Konu\" \/><\/span><br \/>\n<\/fieldset>\n<fieldset class=\"form-group col-md-12\">\n   <span class=\"wpcf7-form-control-wrap message\"><textarea name=\"message\" cols=\"40\" rows=\"10\" class=\"wpcf7-form-control wpcf7-textarea wpcf7-validates-as-required\" aria-required=\"true\" aria-invalid=\"false\" placeholder=\"Mesaj\"><\/textarea><\/span><br \/>\n<\/fieldset>\n<fieldset class=\"form-group col-md-12\">\n   <input type=\"submit\" value=\"G\u00f6nder\" class=\"wpcf7-form-control has-spinner wpcf7-submit btn btn-normal btn-md\" \/><br \/>\n<\/fieldset>\n<\/div>\n<div class=\"wpcf7-response-output\" aria-hidden=\"true\"><\/div><\/form><\/div>[\/vc_column][\/vc_row]<\/p>\n","protected":false},"excerpt":{"rendered":"<p>[vc_row full_width=&#8221;stretch_row_content_no_spaces&#8221; css=&#8221;.vc_custom_1540496517306{margin-top: -60px !important;margin-bottom: 40px !important;}&#8221;][vc_column][\/vc_column][\/vc_row][vc_row][vc_column][vc_empty_space height=&#8221;15&#8243;][\/vc_column][\/vc_row][vc_row css=&#8221;.vc_custom_1453297211960{margin-bottom: 40px !important;}&#8221;][vc_column width=&#8221;5\/12&#8243;][\/vc_column][vc_column width=&#8221;7\/12&#8243;][\/vc_column][\/vc_row]<\/p>\n","protected":false},"author":1,"featured_media":0,"parent":0,"menu_order":0,"comment_status":"closed","ping_status":"closed","template":"","meta":[],"_links":{"self":[{"href":"https:\/\/www.omisindustries.com\/en\/wp-json\/wp\/v2\/pages\/1482"}],"collection":[{"href":"https:\/\/www.omisindustries.com\/en\/wp-json\/wp\/v2\/pages"}],"about":[{"href":"https:\/\/www.omisindustries.com\/en\/wp-json\/wp\/v2\/types\/page"}],"author":[{"embeddable":true,"href":"https:\/\/www.omisindustries.com\/en\/wp-json\/wp\/v2\/users\/1"}],"replies":[{"embeddable":true,"href":"https:\/\/www.omisindustries.com\/en\/wp-json\/wp\/v2\/comments?post=1482"}],"version-history":[{"count":83,"href":"https:\/\/www.omisindustries.com\/en\/wp-json\/wp\/v2\/pages\/1482\/revisions"}],"predecessor-version":[{"id":3192,"href":"https:\/\/www.omisindustries.com\/en\/wp-json\/wp\/v2\/pages\/1482\/revisions\/3192"}],"wp:attachment":[{"href":"https:\/\/www.omisindustries.com\/en\/wp-json\/wp\/v2\/media?parent=1482"}],"curies":[{"name":"wp","href":"https:\/\/api.w.org\/{rel}","templated":true}]}}