{"id":2943,"date":"2019-04-27T14:55:13","date_gmt":"2019-04-27T14:55:13","guid":{"rendered":"https:\/\/www.omisindustries.com\/en\/?page_id=2943"},"modified":"2019-05-08T16:47:56","modified_gmt":"2019-05-08T16:47:56","slug":"cookie-policy","status":"publish","type":"page","link":"https:\/\/www.omisindustries.com\/en\/cookie-policy\/","title":{"rendered":"Cookie Policy"},"content":{"rendered":"<p>[vc_row][vc_column][vc_column_text]\u00d6ZG\u00dcN MAK\u0130NE \u0130N\u015eAAT MADENC\u0130L\u0130K SANAY\u0130 DI\u015e T\u0130CARET Limited \u015eirketi (\u201c<strong>Omis Industries<\/strong>\u201d), bir\u00e7ok web sitesinde oldu\u011fu gibi ziyaret\u00e7ilerin web sitesini daha iyi deneyimlemelerini sa\u011flamak amac\u0131yla \u00e7erez kullanmaktad\u0131r.<\/p>\n<p>\u0130\u015fbu \u00c7erez Politikas\u0131 web sitesi ziyaret\u00e7ilerini \u00e7erezin tan\u0131m\u0131, \u00e7erez t\u00fcrleri, Omis Industries taraf\u0131ndan kullan\u0131lan \u00e7erezler ve \u00e7erez tercihlerinin nas\u0131l y\u00f6netilebilece\u011fi konular\u0131nda bilgilendirmek amac\u0131yla haz\u0131rlanm\u0131\u015ft\u0131r. Web sitesinde yer alan \u00e7erez kullan\u0131m uyar\u0131s\u0131n\u0131n kapat\u0131lmas\u0131 ya da web sitesi kullan\u0131m\u0131na devam edilmesi halinde \u00e7erezlere onay verildi\u011fi kabul edilir.<\/p>\n<p>\u00c7erez kullan\u0131m\u0131n\u0131 onaylam\u0131yorsan\u0131z web sitesine devam etmemenizi ya da taray\u0131c\u0131n\u0131zdan \u00e7erez tercihlerinizi de\u011fi\u015ftirmenizi rica ederiz. \u00c7erezlere izin verilmemesi halinde web sitesinin baz\u0131 \u00f6zelliklerinin i\u015flevselli\u011fini yitirebilece\u011fini hat\u0131rlatmak isteriz.<\/p>\n<p><strong>\u00c7EREZ (\u201cCOOKIE\u201d) NED\u0130R?<\/strong><\/p>\n<p>\u00c7erez, bir web sitesini ziyaret etti\u011finizde bilgisayar\u0131n\u0131zda ya da mobil cihaz\u0131n\u0131zda depolanan k\u00fc\u00e7\u00fck metin dosyalar\u0131d\u0131r. Bu dosyalarda IP adresiniz, oturum bilgileriniz, eri\u015fti\u011finiz sayfalar vb. veriler saklan\u0131r. \u00c7erezler, ad ve soyad\u0131 ya da adres gibi verileri i\u00e7ermezler.\u00a0 \u00c7erezler sayesinde web sitesi tercihleriniz hat\u0131rlanabilir, oturumunuzun a\u00e7\u0131k tutulmas\u0131 sa\u011flanabilir ya da size ilgilendi\u011finiz i\u00e7erik sunulabilir.<\/p>\n<p>\u00c7erezlere ili\u015fkin detayl\u0131 bilgi i\u00e7in<a href=\"http:\/\/www.aboutcookies.org\">www.aboutcookies.org<\/a>ve <a href=\"http:\/\/www.allaboutcookies.org\">www.allaboutcookies.org<\/a> adreslerini ziyaret edebilirsiniz.<\/p>\n<p><strong>\u00c7EREZ T\u00dcRLER\u0130<\/strong><\/p>\n<p>\u00c7erezler mobil cihazlarda depolanma s\u00fcreleri ve kimin taraf\u0131ndan yerle\u015ftirildikleri gibi kriterlere g\u00f6re farkl\u0131 t\u00fcrlere ayr\u0131lmaktad\u0131r. Bu kriterler kapsam\u0131nda temel ayr\u0131m \u015fu \u015fekildedir:<\/p>\n<ul>\n<li><strong>Oturum \u00c7erezleri\/Kal\u0131c\u0131 \u00c7erezler:<\/strong>Oturum \u00e7erezleri<strong>, <\/strong>ge\u00e7ici \u00e7erezler olup taray\u0131c\u0131y\u0131 kapatt\u0131ktan sonra cihazdan silinirler. Bu \u00e7erezlerin temel i\u015flevi web sitesinin d\u00fczg\u00fcn bir \u015fekilde \u00e7al\u0131\u015fmas\u0131n\u0131 sa\u011flamakt\u0131r. Kal\u0131c\u0131 \u00e7erezler ise taray\u0131c\u0131y\u0131 kapatt\u0131ktan sonra da ziyaret\u00e7i taraf\u0131ndan silininceye ya da s\u00fcresi doluncaya dek cihazda kalmaya devam ederler.<\/li>\n<li><strong>Birinci Taraf\/\u00dc\u00e7\u00fcnc\u00fc Taraf \u00c7erezler: <\/strong>Birinci taraf \u00e7erezlerziyaret edilen web sitesi operat\u00f6r\u00fc taraf\u0131ndan cihaza yerle\u015ftirilen \u00e7erezlerdir. \u00dc\u00e7\u00fcnc\u00fc taraf \u00e7erezler iseziyaret edilen web sitesi operat\u00f6r\u00fc d\u0131\u015f\u0131ndaki ki\u015filer taraf\u0131ndan cihaza yerle\u015ftirilen ve kontrol edilen \u00e7erezlerdir.<\/li>\n<\/ul>\n<p><strong>HANG\u0130 \u00c7EREZLER\u0130 KULLANIYORUZ?<\/strong><\/p>\n<p>Omis Industries, Ki\u015fisel Verilerin Korunmas\u0131 ve \u0130\u015flenmesi Politikas\u0131na uygun olarak farkl\u0131 t\u00fcrde \u00e7erezler kullanmaktad\u0131r.<\/p>\n<p><strong>Zorunlu \u00c7erezler:<\/strong> Web sitesinin do\u011fru bir \u015fekilde \u00e7al\u0131\u015fmas\u0131n\u0131 sa\u011flayan ve \u00f6zelliklerini kullanman\u0131za imk\u00e2n veren teknik \u00e7erezlerdir. Oturum \u00e7erezi kategorisinde yer al\u0131rlar. Bu \u00e7erezlerin engellenmesi halinde web sitesi \u00f6zelliklerinin kullan\u0131lamamas\u0131 sonucu do\u011far. Zorunlu \u00e7erezlerin kullan\u0131m\u0131 i\u00e7in ziyaret\u00e7ilerimizin onay\u0131 gerekmemektedir.<\/p>\n<p><strong>\u0130\u015flevsellik \u00c7erezleri:<\/strong> Web sitesini tekrar ziyaret etti\u011finizde dil tercihlerinizin, b\u00f6lge se\u00e7iminizin vb. hat\u0131rlanmas\u0131na olanak sa\u011flar.<\/p>\n<p><strong>Hedefleme\/Reklam \u00c7erezleri: <\/strong>Omis Industries web sitesinde hedefleme ve reklam amac\u0131yla farkl\u0131 birinci taraf ve \u00fc\u00e7\u00fcnc\u00fc taraf \u00e7erezler kullanmaktad\u0131r. Bu \u00e7erezleri taray\u0131c\u0131n\u0131z\u0131n ayarlar\u0131n\u0131 de\u011fi\u015ftirerek engellemeniz m\u00fcmk\u00fcnd\u00fcr.<\/p>\n<p><strong>SOSYAL MEDYA EKLENT\u0130LER\u0130: <\/strong>Omis Industries web sitesine ve mobil uygulamas\u0131na \u00e7e\u015fitli sosyal medya eklentileri entegre edilmi\u015ftir. Entegre edilmi\u015f sosyal medya butonlar\u0131ndan birine t\u0131kland\u0131\u011f\u0131nda baz\u0131 bilgileriniz sosyal medya sa\u011flay\u0131c\u0131larla payla\u015f\u0131l\u0131r. Ayn\u0131 anda sosyal medya hesab\u0131nda oturumunuz a\u00e7\u0131ksa veya sosyal medya \u00e7erezleri taray\u0131c\u0131n\u0131zda kay\u0131tl\u0131ysa, sosyal medya sa\u011flay\u0131c\u0131 web sitemizdeki ya da mobil uygulamam\u0131zdaki ziyaretinizi tan\u0131yabilir ve sosyal medya profilinizde bu aktiviteleri g\u00f6sterebilir.<\/p>\n<p>Bir sosyal a\u011f \u00fczerinde bir hesab\u0131n\u0131z bulunmam\u0131\u015f (\u00f6rne\u011fin Facebook), eklentinin sa\u011flay\u0131c\u0131s\u0131na giri\u015f yapmam\u0131\u015f veya eklenti t\u0131klamam\u0131\u015f olsan\u0131z bile sosyal medya sa\u011flay\u0131c\u0131lar\u0131n ziyaret edilen bir web sitesinin URL bilgisi veya IP adresi gibi bilgileri kaydetmesi m\u00fcmk\u00fcnd\u00fcr.<\/p>\n<p>Sosyal a\u011flar\u0131n Omis Industries web sitesini ziyaretinizi kullan\u0131c\u0131 hesaplar\u0131n\u0131zla ili\u015fkilendirmesini \u00f6nlemek i\u00e7in, web sitemizi ziyaret etmeden \u00f6nce kullan\u0131c\u0131 hesab\u0131n\u0131zdan \u00e7\u0131k\u0131\u015f yapman\u0131z gerekmektedir.<\/p>\n<p>Omis Industries web sitesi ve mobil uygulamas\u0131nda entegre edilmi\u015f olan sosyal medya eklentilerine ili\u015fkin daha fazla bilgi i\u00e7in ilgili sosyal medya platformunun gizlilik politikas\u0131n\u0131 okuman\u0131z\u0131 \u00f6neririz.<\/p>\n<p>Facebook: https:\/\/tr-tr.facebook.com\/privacy\/explanation<\/p>\n<p>Twitter: https:\/\/twitter.com\/en\/privacy#update<\/p>\n<p><strong>\u00c7EREZ TERC\u0130HLER\u0130N\u0130Z\u0130 NASIL DE\u011e\u0130\u015eT\u0130REB\u0130L\u0130RS\u0130N\u0130Z?<\/strong><\/p>\n<p>\u00c7erezleri kulland\u0131\u011f\u0131n\u0131z taray\u0131c\u0131n\u0131n ayarlar\u0131n\u0131 de\u011fi\u015ftirerek ki\u015fiselle\u015ftirmeniz ya da tamamen engellemeniz m\u00fcmk\u00fcnd\u00fcr. Farkl\u0131 taray\u0131c\u0131lar i\u00e7in izlenmesi gereken ad\u0131mlara ili\u015fkin detayl\u0131 bilgiye a\u015fa\u011f\u0131daki linklerden ula\u015fabilirsiniz:<\/p>\n<table width=\"633\">\n<tbody>\n<tr>\n<td width=\"208\"><strong>Taray\u0131c\u0131 Ad\u0131<\/strong><\/td>\n<td width=\"425\"><strong>Link<\/strong><\/td>\n<\/tr>\n<tr>\n<td width=\"208\">Google Chrome<\/td>\n<td width=\"425\"><a href=\"https:\/\/support.google.com\/chrome\/answer\/95647?co=GENIE.Platform%3DDesktop&amp;hl=tr\">https:\/\/support.google.com\/chrome\/answer\/95647?co=GENIE.Platform%3DDesktop&amp;hl=tr<\/a><\/td>\n<\/tr>\n<tr>\n<td width=\"208\">Internet Explorer<\/td>\n<td width=\"425\">https:\/\/support.microsoft.com\/tr-tr\/help\/17442\/windows-internet-explorer-delete-manage-cookies<\/td>\n<\/tr>\n<tr>\n<td width=\"208\">Mozilla Firefox<\/td>\n<td width=\"425\">https:\/\/support.mozilla.org\/tr\/kb\/cerezleri-silme-web-sitelerinin-bilgilerini-kaldirma<\/td>\n<\/tr>\n<tr>\n<td width=\"208\">Yandex<\/td>\n<td width=\"425\">https:\/\/yandex.com.tr\/support\/browser-classic\/personal-data-protection\/cookies.xml<\/td>\n<\/tr>\n<tr>\n<td width=\"208\">Safari<\/td>\n<td width=\"425\">https:\/\/support.apple.com\/kb\/PH21411?locale=tr_TR<\/td>\n<\/tr>\n<\/tbody>\n<\/table>\n<p>&nbsp;<\/p>\n<p>Di\u011fer taray\u0131c\u0131larda \u00e7erez tercihlerini y\u00f6netmek i\u00e7in ilgili taray\u0131c\u0131n\u0131n yard\u0131m veya destek sayfas\u0131n\u0131 inceleyebilirsiniz.<\/p>\n<p><strong>K\u0130\u015e\u0130SEL VER\u0130LER\u0130N\u0130ZE \u0130L\u0130\u015eK\u0130N HAKLARINIZ<\/strong><\/p>\n<p>Veri sahibi olarak Omis Industries\u2019e ba\u015fvurarak;<\/p>\n<ul>\n<li>Ki\u015fisel verilerinizin i\u015flenip i\u015flenmedi\u011fini \u00f6\u011frenme,<\/li>\n<li>Ki\u015fisel verileriniz i\u015flenmi\u015fse buna ili\u015fkin bilgi talep etme,<\/li>\n<li>Ki\u015fisel verilerinizin i\u015flenme amac\u0131n\u0131 ve bunlar\u0131n amac\u0131na uygun kullan\u0131l\u0131p kullan\u0131lmad\u0131\u011f\u0131n\u0131 \u00f6\u011frenme,<\/li>\n<li>Yurt i\u00e7inde veya yurt d\u0131\u015f\u0131nda ki\u015fisel verilerinizin aktar\u0131ld\u0131\u011f\u0131 \u00fc\u00e7\u00fcnc\u00fc ki\u015fileri bilme,<\/li>\n<li>Ki\u015fisel verilerinizin eksik veya yanl\u0131\u015f i\u015flenmi\u015f olmas\u0131 h\u00e2linde bunlar\u0131n d\u00fczeltilmesini isteme ve bu kapsamda yap\u0131lan i\u015flemlerin ki\u015fisel verilerinizin aktar\u0131ld\u0131\u011f\u0131 \u00fc\u00e7\u00fcnc\u00fc ki\u015filere bildirilmesini isteme,<\/li>\n<li>6698 say\u0131l\u0131 Kanun ve ilgili di\u011fer kanun h\u00fck\u00fcmlerine uygun olarak i\u015flenmi\u015f olmas\u0131na ra\u011fmen, i\u015flenmesini gerektiren sebeplerin ortadan kalkmas\u0131 h\u00e2linde ki\u015fisel verilerinizin silinmesini veya yok edilmesini isteme ve bu kapsamda yap\u0131lan i\u015flemlerin ki\u015fisel verilerinizin aktar\u0131ld\u0131\u011f\u0131 \u00fc\u00e7\u00fcnc\u00fc ki\u015filere bildirilmesini isteme,<\/li>\n<li>\u0130\u015flenen verilerinizin m\u00fcnhas\u0131ran otomatik sistemler vas\u0131tas\u0131yla analiz edilmesi suretiyle aleyhinize bir sonucun ortaya \u00e7\u0131kmas\u0131na itiraz etme,<\/li>\n<li>Ki\u015fisel verilerinizin kanuna ayk\u0131r\u0131 olarak i\u015flenmesi sebebiyle zarara u\u011framan\u0131z h\u00e2linde zarar\u0131n giderilmesini talep etme haklar\u0131na sahipsiniz.<\/li>\n<\/ul>\n<p>&nbsp;<\/p>\n<p>Yukar\u0131da say\u0131lan haklar\u0131n\u0131za ili\u015fkin taleplerinizi <a href=\"http:\/\/www.resmigazete.gov.tr\/eskiler\/2018\/03\/20180310-6.htm\">Veri Sorumlusuna Ba\u015fvuru Usul ve Esaslar\u0131 Hakk\u0131nda Tebli\u011f<\/a>\u2019de \u00f6ng\u00f6r\u00fclen ba\u015fvuru usullerine uygun olarak Omis Industries\u2019e iletmeniz durumunda Omis Industries talebinizi niteli\u011fine g\u00f6re en k\u0131sa s\u00fcrede ve en ge\u00e7 30 (otuz) g\u00fcn i\u00e7inde \u00fccretsiz olarak sonu\u00e7land\u0131racakt\u0131r. Ancak, i\u015flemin ayr\u0131ca bir maliyeti gerektirmesi h\u00e2linde, Omis Industries Ki\u015fisel Verileri Koruma Kurulunca belirlenen tarifedeki \u00fccreti alabilir.<\/p>\n<p>Omis Industries taraf\u0131ndan ki\u015fisel verilerinizin i\u015flenmesi ile veri g\u00fcvenli\u011finin sa\u011flanmas\u0131 konular\u0131nda daha detayl\u0131 bilgiye <strong><u>Omis IndustriesKi\u015fisel Verilerin Korunmas\u0131 ve \u0130\u015flenmesi Politikas\u0131\u2019ndan<\/u><\/strong>ula\u015fabilirsiniz. (KVK Politikas\u0131na link verilmelidir.)[\/vc_column_text][\/vc_column][\/vc_row]<\/p>\n","protected":false},"excerpt":{"rendered":"<p>[vc_row][vc_column][vc_column_text]\u00d6ZG\u00dcN MAK\u0130NE \u0130N\u015eAAT MADENC\u0130L\u0130K SANAY\u0130 DI\u015e T\u0130CARET Limited \u015eirketi (\u201cOmis Industries\u201d), bir\u00e7ok web sitesinde oldu\u011fu gibi ziyaret\u00e7ilerin web sitesini daha iyi deneyimlemelerini sa\u011flamak amac\u0131yla \u00e7erez kullanmaktad\u0131r. \u0130\u015fbu \u00c7erez Politikas\u0131 web sitesi ziyaret\u00e7ilerini \u00e7erezin tan\u0131m\u0131, \u00e7erez t\u00fcrleri, Omis Industries taraf\u0131ndan kullan\u0131lan &hellip;<\/p>\n","protected":false},"author":1,"featured_media":0,"parent":0,"menu_order":0,"comment_status":"closed","ping_status":"closed","template":"","meta":[],"_links":{"self":[{"href":"https:\/\/www.omisindustries.com\/en\/wp-json\/wp\/v2\/pages\/2943"}],"collection":[{"href":"https:\/\/www.omisindustries.com\/en\/wp-json\/wp\/v2\/pages"}],"about":[{"href":"https:\/\/www.omisindustries.com\/en\/wp-json\/wp\/v2\/types\/page"}],"author":[{"embeddable":true,"href":"https:\/\/www.omisindustries.com\/en\/wp-json\/wp\/v2\/users\/1"}],"replies":[{"embeddable":true,"href":"https:\/\/www.omisindustries.com\/en\/wp-json\/wp\/v2\/comments?post=2943"}],"version-history":[{"count":2,"href":"https:\/\/www.omisindustries.com\/en\/wp-json\/wp\/v2\/pages\/2943\/revisions"}],"predecessor-version":[{"id":3093,"href":"https:\/\/www.omisindustries.com\/en\/wp-json\/wp\/v2\/pages\/2943\/revisions\/3093"}],"wp:attachment":[{"href":"https:\/\/www.omisindustries.com\/en\/wp-json\/wp\/v2\/media?parent=2943"}],"curies":[{"name":"wp","href":"https:\/\/api.w.org\/{rel}","templated":true}]}}